{"id":416,"date":"2026-02-13T11:50:08","date_gmt":"2026-02-13T11:50:08","guid":{"rendered":"https:\/\/adriano-history-teller.willbecollective.pt\/politica-de-privacidad-y-cookies\/"},"modified":"2026-03-18T10:22:06","modified_gmt":"2026-03-18T10:22:06","slug":"politica-de-privacidad-y-cookies","status":"publish","type":"page","link":"https:\/\/adriano-history-teller.willbecollective.pt\/es\/politica-de-privacidad-y-cookies\/","title":{"rendered":"Pol\u00edtica de privacidad y cookies"},"content":{"rendered":"<section class=\"scroll-m-12\">\n  <div class=\"container-wide mt-8\">\n    <div class=\"lg:max-h-lvh w-full aspect-328\/243 sm:aspect-720\/396 lg:aspect-1856\/440 overflow-hidden origin-center h-full relative flex items-center justify-center rounded-3xl\">\n            <img decoding=\"async\" src=\"https:\/\/adriano-history-teller.willbecollective.pt\/wp-content\/uploads\/2026\/02\/legal-page-scaled.webp\" alt=\"legal-page\" class=\"image-fill w-full h-full object-cover\" \/>\n            <div class=\"absolute top-0 left-0 w-full h-full bg-black\/20\"><\/div>\n      <div class=\"absolute top-0 left-0 w-full h-full flex items-end px-4.5 py-6 sm:px-6 sm:py-8 lg:px-14 lg:py-16\">\n        <div class=\"flex flex-col max-w-3xl gap-5\">\n                    <h2 class=\"text-3xl text-white font-semibold font-primary\">\n            P\u00e1gina legal          <\/h2>\n                              <h1 class=\"text-6xl text-white font-extrabold font-primary\">\n            Pol\u00edtica de privacidad y cookies          <\/h1>\n                  <\/div>\n      <\/div>\n    <\/div>\n  <\/div>\n<\/section><div class=\"h-16 md:h-32\" style=\"\">\n<\/div>\n<div class=\"wp-block-columns is-layout-flex wp-container-core-columns-is-layout-9d6595d7 wp-block-columns-is-layout-flex\">\n<div class=\"wp-block-column is-layout-constrained wp-container-core-column-is-layout-2cfe5899 wp-block-column-is-layout-constrained\" style=\"flex-basis:100%\">\n<h3 class=\"wp-block-heading\">Introducci\u00f3n<\/h3>\n\n\n\n<p>Para Adriano History Teller, proteger su privacidad es muy importante. Esta pol\u00edtica explica c\u00f3mo recopilamos, usamos y protegemos sus datos personales cuando visita nuestro sitio web, utiliza el formulario de contacto o realiza reservas para nuestros servicios.<br\/><br\/>Todo el tratamiento de datos se realiza de conformidad con el Reglamento General de Protecci\u00f3n de Datos (RGPD \u2013 Reglamento UE 2016\/679) y la legislaci\u00f3n portuguesa aplicable.<\/p>\n\n\n<div class=\"h-4 md:h-8\" style=\"\">\n<\/div>\n\n\n<h3 class=\"wp-block-heading\">Controlador de datos<\/h3>\n\n\n\n<p>La entidad responsable del tratamiento de sus datos personales es:<br\/><br\/>Adriano History Teller<br\/>Email: adrianohistoryteller@gmail.com<br\/><br\/>Para cualquier pregunta relacionada con esta pol\u00edtica, puede ponerse en contacto con nosotros utilizando el correo electr\u00f3nico anterior.<\/p>\n\n\n<div class=\"h-4 md:h-8\" style=\"\">\n<\/div>\n\n\n<h3 class=\"wp-block-heading\">Datos que recopilamos<\/h3>\n\n\n\n<p>Cuando usted utiliza el formulario de contacto, podemos recopilar:<\/p>\n\n\n\n<ul class=\"wp-block-list\">\n<li>Nombre<\/li>\n\n\n\n<li>Email<\/li>\n\n\n\n<li>Contenido del mensaje<\/li>\n<\/ul>\n\n\n\n<p>Cualquier otra informaci\u00f3n que usted proporcione voluntariamente Para completar una reserva, podemos solicitarle:<\/p>\n\n\n\n<ul class=\"wp-block-list\">\n<li>Nombre completo<\/li>\n\n\n\n<li>Email<\/li>\n\n\n\n<li>N\u00famero de tel\u00e9fono<\/li>\n\n\n\n<li>Fecha de la experiencia o excursi\u00f3n<\/li>\n\n\n\n<li>N\u00famero de participantes<\/li>\n\n\n\n<li>Informaci\u00f3n necesaria para prestar el servicio<\/li>\n<\/ul>\n\n\n<div class=\"h-4 md:h-8\" style=\"\">\n<\/div>\n\n\n<h3 class=\"wp-block-heading\">Finalidad del tratamiento de datos<\/h3>\n\n\n\n<p>Los datos personales se utilizan para:<\/p>\n\n\n\n<ul class=\"wp-block-list\">\n<li>Responder a las solicitudes de contacto<\/li>\n\n\n\n<li>Gestionar y confirmar reservas<\/li>\n\n\n\n<li>Prestar los servicios reservados<\/li>\n\n\n\n<li>Env\u00eda informaci\u00f3n relacionada con tu reserva.<\/li>\n\n\n\n<li>Mejorar la funcionalidad y el rendimiento del sitio web.<\/li>\n\n\n\n<li>Cumplir con las obligaciones legales<\/li>\n<\/ul>\n\n\n<div class=\"h-4 md:h-8\" style=\"\">\n<\/div>\n\n\n<h3 class=\"wp-block-heading\">Tipos de cookies utilizadas<\/h3>\n\n\n\n<p>Cookies esenciales: necesarias para el correcto funcionamiento del sitio web.<br\/><br\/>Cookies de rendimiento: para analizar el uso y el rendimiento del sitio web.<br\/><br\/>Cookies de funcionalidad: para recordar las preferencias del usuario.<br\/><br\/>Cookies de terceros: como las de proveedores de servicios de an\u00e1lisis o reservas.<\/p>\n\n\n<div class=\"h-4 md:h-8\" style=\"\">\n<\/div>\n\n\n<h3 class=\"wp-block-heading\">Derechos de usuario<\/h3>\n\n\n\n<p>Usted tiene derecho a:<\/p>\n\n\n\n<ul class=\"wp-block-list\">\n<li>Acceda a sus datos personales<\/li>\n\n\n\n<li>Solicitar correcci\u00f3n de datos inexactos<\/li>\n\n\n\n<li>Solicitar la eliminaci\u00f3n de sus datos<\/li>\n\n\n\n<li>Restringir u oponerse al procesamiento de datos<\/li>\n\n\n\n<li>Solicitar portabilidad de datos<\/li>\n\n\n\n<li>Puede retirar su consentimiento en cualquier momento.<\/li>\n<\/ul>\n\n\n\n<p>Para ejercer sus derechos, p\u00f3ngase en contacto con:<br\/>adrianohistoryteller@gmail.com<br\/><br\/>Tambi\u00e9n tiene derecho a presentar una reclamaci\u00f3n ante la Autoridad Nacional de Protecci\u00f3n de Datos (CNPD) de Portugal.<\/p>\n\n\n<div class=\"h-4 md:h-8\" style=\"\">\n<\/div>\n\n\n<h3 class=\"wp-block-heading\">Seguridad de los datos<\/h3>\n\n\n\n<p>Se implementan medidas t\u00e9cnicas y organizativas adecuadas para proteger los datos personales contra el acceso no autorizado, la p\u00e9rdida o el uso indebido.<\/p>\n\n\n<div class=\"h-4 md:h-8\" style=\"\">\n<\/div>\n\n\n<h3 class=\"wp-block-heading\">Cambios en esta pol\u00edtica<\/h3>\n\n\n\n<p>Esta pol\u00edtica puede actualizarse en cualquier momento. Se recomienda a los usuarios que lo revisen peri\u00f3dicamente.<\/p>\n<\/div>\n<\/div>\n","protected":false},"excerpt":{"rendered":"<p>Introducci\u00f3n Para Adriano History Teller, proteger su privacidad es muy importante. Esta pol\u00edtica explica c\u00f3mo recopilamos, usamos y protegemos sus datos personales cuando visita nuestro sitio web, utiliza el formulario de contacto o realiza reservas para nuestros servicios. Todo el tratamiento de datos se realiza de conformidad con el Reglamento General de Protecci\u00f3n de Datos<a href=\"https:\/\/adriano-history-teller.willbecollective.pt\/es\/politica-de-privacidad-y-cookies\/\">Continue reading <span class=\"sr-only\">\u00abPol\u00edtica de privacidad y cookies\u00bb<\/span><\/a><\/p>\n","protected":false},"author":1,"featured_media":0,"parent":0,"menu_order":5,"comment_status":"closed","ping_status":"closed","template":"","meta":{"_acf_changed":false,"footnotes":""},"class_list":["post-416","page","type-page","status-publish","hentry"],"acf":[],"_links":{"self":[{"href":"https:\/\/adriano-history-teller.willbecollective.pt\/es\/wp-json\/wp\/v2\/pages\/416","targetHints":{"allow":["GET"]}}],"collection":[{"href":"https:\/\/adriano-history-teller.willbecollective.pt\/es\/wp-json\/wp\/v2\/pages"}],"about":[{"href":"https:\/\/adriano-history-teller.willbecollective.pt\/es\/wp-json\/wp\/v2\/types\/page"}],"author":[{"embeddable":true,"href":"https:\/\/adriano-history-teller.willbecollective.pt\/es\/wp-json\/wp\/v2\/users\/1"}],"replies":[{"embeddable":true,"href":"https:\/\/adriano-history-teller.willbecollective.pt\/es\/wp-json\/wp\/v2\/comments?post=416"}],"version-history":[{"count":1,"href":"https:\/\/adriano-history-teller.willbecollective.pt\/es\/wp-json\/wp\/v2\/pages\/416\/revisions"}],"predecessor-version":[{"id":418,"href":"https:\/\/adriano-history-teller.willbecollective.pt\/es\/wp-json\/wp\/v2\/pages\/416\/revisions\/418"}],"wp:attachment":[{"href":"https:\/\/adriano-history-teller.willbecollective.pt\/es\/wp-json\/wp\/v2\/media?parent=416"}],"curies":[{"name":"wp","href":"https:\/\/api.w.org\/{rel}","templated":true}]}}