{"id":490,"date":"2026-03-18T10:59:44","date_gmt":"2026-03-18T10:59:44","guid":{"rendered":"https:\/\/adriano-history-teller.willbecollective.pt\/?page_id=490"},"modified":"2026-03-18T11:19:30","modified_gmt":"2026-03-18T11:19:30","slug":"politica-de-privacidad-y-cookies-2","status":"publish","type":"page","link":"https:\/\/adriano-history-teller.willbecollective.pt\/es\/politica-de-privacidad-y-cookies-2\/","title":{"rendered":"T\u00e9rminos y condiciones"},"content":{"rendered":"<section class=\"scroll-m-12\">\n  <div class=\"container-wide mt-8\">\n    <div class=\"lg:max-h-lvh w-full aspect-328\/243 sm:aspect-720\/396 lg:aspect-1856\/440 overflow-hidden origin-center h-full relative flex items-center justify-center rounded-3xl\">\n            <img decoding=\"async\" src=\"https:\/\/adriano-history-teller.willbecollective.pt\/wp-content\/uploads\/2026\/02\/legal-page-scaled.webp\" alt=\"legal-page\" class=\"image-fill w-full h-full object-cover\" \/>\n            <div class=\"absolute top-0 left-0 w-full h-full bg-black\/20\"><\/div>\n      <div class=\"absolute top-0 left-0 w-full h-full flex items-end px-4.5 py-6 sm:px-6 sm:py-8 lg:px-14 lg:py-16\">\n        <div class=\"flex flex-col max-w-3xl gap-5\">\n                    <h2 class=\"text-3xl text-white font-semibold font-primary\">\n            P\u00e1gina legal          <\/h2>\n                              <h1 class=\"text-6xl text-white font-extrabold font-primary\">\n            T\u00e9rminos y condiciones          <\/h1>\n                  <\/div>\n      <\/div>\n    <\/div>\n  <\/div>\n<\/section><div class=\"h-16 md:h-32\" style=\"\">\n<\/div>\n<div class=\"wp-block-columns is-layout-flex wp-container-core-columns-is-layout-9d6595d7 wp-block-columns-is-layout-flex\">\n<div class=\"wp-block-column is-layout-constrained wp-container-core-column-is-layout-2cfe5899 wp-block-column-is-layout-constrained\" style=\"flex-basis:100%\">\n<h3 class=\"wp-block-heading\">Introducci\u00f3n<\/h3>\n\n\n\n<p>Estos T\u00e9rminos y Condiciones rigen el uso del sitio web y los servicios proporcionados por <strong>Adriano History Teller.<\/strong> Al acceder a este sitio web o reservar un servicio, usted acepta cumplir con estos t\u00e9rminos. <\/p>\n\n\n\n<hr class=\"wp-block-separator has-alpha-channel-opacity\"\/>\n\n\n\n<h3 class=\"wp-block-heading\">Servicios prestados<\/h3>\n\n\n\n<p>Adriano History Teller ofrece visitas guiadas y experiencias de narraci\u00f3n de cuentos. Todos los servicios est\u00e1n sujetos a disponibilidad y pueden modificarse cuando sea necesario para garantizar la calidad o la seguridad. <\/p>\n\n\n\n<hr class=\"wp-block-separator has-alpha-channel-opacity\"\/>\n\n\n\n<h3 class=\"wp-block-heading\">Reservas<\/h3>\n\n\n\n<p>Las reservas pueden realizarse a trav\u00e9s del sitio web, el formulario de contacto o mediante comunicaci\u00f3n directa.<\/p>\n\n\n\n<p>Para completar una reserva, los clientes deben proporcionar informaci\u00f3n precisa y completa, que incluye:<\/p>\n\n\n\n<ul class=\"wp-block-list\">\n<li>Nombre completo<\/li>\n\n\n\n<li>Email<\/li>\n\n\n\n<li>N\u00famero de tel\u00e9fono<\/li>\n\n\n\n<li>Fecha de la Tour<\/li>\n\n\n\n<li>N\u00famero de participantes<\/li>\n<\/ul>\n\n\n\n<p>La reserva solo se confirma tras recibir la confirmaci\u00f3n de Adriano History Teller.<\/p>\n\n\n\n<hr class=\"wp-block-separator has-alpha-channel-opacity\"\/>\n\n\n\n<h3 class=\"wp-block-heading\">Precios y pagos<\/h3>\n\n\n\n<p>Todos los precios se comunican antes de la confirmaci\u00f3n de la reserva. Las condiciones de pago (total o parcial) se acordar\u00e1n en el momento de la reserva. <\/p>\n\n\n\n<p>Adriano History Teller se reserva el derecho de modificar los precios en cualquier momento; sin embargo, las reservas confirmadas no se ver\u00e1n afectadas.<\/p>\n\n\n\n<hr class=\"wp-block-separator has-alpha-channel-opacity\"\/>\n\n\n\n<h3 class=\"wp-block-heading\">Pol\u00edtica de cancelaci\u00f3n<\/h3>\n\n\n\n<ul class=\"wp-block-list\">\n<li>Hasta 7 d\u00edas antes de la fecha del tour: <strong>reembolso del 100%.<\/strong><\/li>\n\n\n\n<li>Hasta 48 horas antes de la fecha del tour: <strong>reembolso del 50%.<\/strong><\/li>\n\n\n\n<li>Menos de 48 horas antes de la visita o no presentarse: <strong>no hay reembolso.<\/strong><\/li>\n<\/ul>\n\n\n\n<p>En caso de condiciones meteorol\u00f3gicas adversas o circunstancias ajenas a nuestro control, la excursi\u00f3n podr\u00eda ser <strong>reprogramada.<\/strong><\/p>\n\n\n\n<hr class=\"wp-block-separator has-alpha-channel-opacity\"\/>\n\n\n\n<h3 class=\"wp-block-heading\">Cambios y cancelaciones por parte del proveedor<\/h3>\n\n\n\n<p>Adriano History Teller se reserva el derecho de cancelar o modificar las visitas guiadas debido a circunstancias imprevistas, incluidas las condiciones clim\u00e1ticas, problemas de seguridad o razones operativas.<\/p>\n\n\n\n<p>En tales casos, se ofrecer\u00e1 a los clientes:<\/p>\n\n\n\n<ul class=\"wp-block-list\">\n<li>Una fecha alternativa, o<\/li>\n\n\n\n<li>Reembolso completo<\/li>\n<\/ul>\n\n\n\n<hr class=\"wp-block-separator has-alpha-channel-opacity\"\/>\n\n\n\n<h3 class=\"wp-block-heading\">Responsabilidades del cliente<\/h3>\n\n\n\n<p>Participants are responsible for:<\/p>\n\n\n\n<ul class=\"wp-block-list\">\n<li>Llegar puntualmente al punto de encuentro acordado.<\/li>\n\n\n\n<li>Proporcionar informaci\u00f3n de reserva precisa<\/li>\n\n\n\n<li>Seguir las instrucciones de seguridad durante la experiencia.<\/li>\n<\/ul>\n\n\n\n<p>Adriano History Teller no se responsabiliza de los problemas derivados del incumplimiento de estas responsabilidades.<\/p>\n\n\n\n<hr class=\"wp-block-separator has-alpha-channel-opacity\"\/>\n\n\n\n<h3 class=\"wp-block-heading\">Responsabilidad civil y seguros<\/h3>\n\n\n\n<p>Adriano History Teller opera en cumplimiento de la normativa portuguesa y posee lo siguiente:<\/p>\n\n\n\n<ul class=\"wp-block-list\">\n<li>Seguro de Responsabilidad Civil<\/li>\n\n\n\n<li>Seguro de accidentes personales<\/li>\n\n\n\n<li>Seguro de autom\u00f3vil<\/li>\n\n\n\n<li>Licencia de Turismo de Portugal (RNAAT n\u00ba 442\/2025)<\/li>\n<\/ul>\n\n\n\n<p>Si bien se toman todas las medidas razonables para garantizar la seguridad, la participaci\u00f3n en las visitas guiadas corre bajo la propia responsabilidad del cliente.<\/p>\n\n\n\n<hr class=\"wp-block-separator has-alpha-channel-opacity\"\/>\n\n\n\n<h3 class=\"wp-block-heading\">Propiedad intelectual<\/h3>\n\n\n\n<p>Todo el contenido de este sitio web, incluyendo textos, im\u00e1genes y marcas, es propiedad de Adriano History Teller, salvo que se indique lo contrario. Se proh\u00edbe su uso o reproducci\u00f3n no autorizados. <\/p>\n\n\n\n<hr class=\"wp-block-separator has-alpha-channel-opacity\"\/>\n\n\n\n<h3 class=\"wp-block-heading\">Privacidad<\/h3>\n\n\n\n<p>Los datos personales se tratan de conformidad con nuestra Pol\u00edtica de Privacidad y las leyes de protecci\u00f3n de datos aplicables, incluido el RGPD.<\/p>\n\n\n\n<hr class=\"wp-block-separator has-alpha-channel-opacity\"\/>\n\n\n\n<h3 class=\"wp-block-heading\">Ley aplicable<\/h3>\n\n\n\n<p>Estos T\u00e9rminos y Condiciones se rigen por la legislaci\u00f3n portuguesa. Cualquier disputa estar\u00e1 sujeta a la jurisdicci\u00f3n de los tribunales portugueses. <\/p>\n\n\n\n<hr class=\"wp-block-separator has-alpha-channel-opacity\"\/>\n\n\n\n<h3 class=\"wp-block-heading\">Cambios en los t\u00e9rminos<\/h3>\n\n\n\n<p>Adriano History Teller se reserva el derecho de actualizar estos T\u00e9rminos y Condiciones en cualquier momento. Se recomienda a los usuarios revisarlos peri\u00f3dicamente. <\/p>\n<\/div>\n<\/div>\n","protected":false},"excerpt":{"rendered":"<p>Introducci\u00f3n Estos T\u00e9rminos y Condiciones rigen el uso del sitio web y los servicios proporcionados por Adriano History Teller. Al acceder a este sitio web o reservar un servicio, usted acepta cumplir con estos t\u00e9rminos. Servicios prestados Adriano History Teller ofrece visitas guiadas y experiencias de narraci\u00f3n de cuentos. Todos los servicios est\u00e1n sujetos a<a href=\"https:\/\/adriano-history-teller.willbecollective.pt\/es\/politica-de-privacidad-y-cookies-2\/\">Continue reading <span class=\"sr-only\">\u00abT\u00e9rminos y condiciones\u00bb<\/span><\/a><\/p>\n","protected":false},"author":1,"featured_media":0,"parent":0,"menu_order":6,"comment_status":"closed","ping_status":"closed","template":"","meta":{"_acf_changed":false,"footnotes":""},"class_list":["post-490","page","type-page","status-publish","hentry"],"acf":[],"_links":{"self":[{"href":"https:\/\/adriano-history-teller.willbecollective.pt\/es\/wp-json\/wp\/v2\/pages\/490","targetHints":{"allow":["GET"]}}],"collection":[{"href":"https:\/\/adriano-history-teller.willbecollective.pt\/es\/wp-json\/wp\/v2\/pages"}],"about":[{"href":"https:\/\/adriano-history-teller.willbecollective.pt\/es\/wp-json\/wp\/v2\/types\/page"}],"author":[{"embeddable":true,"href":"https:\/\/adriano-history-teller.willbecollective.pt\/es\/wp-json\/wp\/v2\/users\/1"}],"replies":[{"embeddable":true,"href":"https:\/\/adriano-history-teller.willbecollective.pt\/es\/wp-json\/wp\/v2\/comments?post=490"}],"version-history":[{"count":3,"href":"https:\/\/adriano-history-teller.willbecollective.pt\/es\/wp-json\/wp\/v2\/pages\/490\/revisions"}],"predecessor-version":[{"id":504,"href":"https:\/\/adriano-history-teller.willbecollective.pt\/es\/wp-json\/wp\/v2\/pages\/490\/revisions\/504"}],"wp:attachment":[{"href":"https:\/\/adriano-history-teller.willbecollective.pt\/es\/wp-json\/wp\/v2\/media?parent=490"}],"curies":[{"name":"wp","href":"https:\/\/api.w.org\/{rel}","templated":true}]}}